{"id":328,"date":"2018-03-19T11:51:53","date_gmt":"2018-03-19T11:51:53","guid":{"rendered":"https:\/\/queenofkornati.com\/product\/queen-of-kornati-regular-edition\/"},"modified":"2018-06-13T15:16:05","modified_gmt":"2018-06-13T14:16:05","slug":"queen-of-kornati-regular-edition","status":"publish","type":"product","link":"https:\/\/queenofkornati.com\/hr\/proizvod\/queen-of-kornati-regular-edition\/","title":{"rendered":"Kraljica kornata &#8211; Klasik edicija"},"content":{"rendered":"<p>Ova edicija, klasi\u010dna, ali opet posebnog dizajna boce i ukrasne ambala\u017ee, bila je po\u010detak samog projekta\u00a0 pod brendom\u00a0 &#8211;\u00a0 Kraljica Kornata. Prije otprilike\u00a0 10 godina, obiteljska odluka je bila da\u00a0 obnovimo i revitaliziramo zapu\u0161tene, zaboravljene masline. Kao rezultat nastala je ova klasik edicija ekstra djevi\u010danskog maslinovog ulja, tako\u0111er iz polja Trtu\u0161a kao dijela NP Kornati. Klasik edicija je dobitnik brojnih zlatnih medalja za dizajn, ali i kvalitetu samog ulja jo\u0161 od 2010. godine. Kupnja ovog maslinovog ulja le\u017ei u specifi\u010dnosti same lokacije, ekolo\u0161kog\u00a0 uzgoja i prerade, koja daleko odstupa od uobi\u010dajenog na trenutnom tr\u017ei\u0161tu.<\/p>\n<p>Klasik edicija ekstra djevi\u010danskog\u00a0 maslinovog ulja karakterizira ugodna blaga pikantnost koja se s vremenom poja\u010dava, uz blagu primjesu mirisa \u0161krte oto\u010dne trave i\u00a0 svje\u017eeg za\u010dinskog bilja. Savr\u0161eno za poslu\u017eiti uz bijelu ribu i morske delicije, svijetlo meso, a zbog svoje pikantnosti se na poseban na\u010din sljubljuje i s crvenim mesom i umacima.<\/p>\n","protected":false},"excerpt":{"rendered":"<p>Klasik edicija je dobitnik brojnih zlatnih medalja za dizajn, ali i kvalitetu samog ulja jo\u0161 od 2010. godine. Kupnja ovog maslinovog ulja le\u017ei u specifi\u010dnosti same lokacije, ekolo\u0161kog\u00a0 uzgoja i prerade, koja daleko odstupa od uobi\u010dajenog na trenutnom tr\u017ei\u0161tu.<\/p>\n<p>Klasik edicija ekstra djevi\u010danskog\u00a0 maslinovog ulja karakterizira ugodna blaga pikantnost koja se s vremenom poja\u010dava, uz blagu primjesu mirisa \u0161krte oto\u010dne trave i\u00a0 svje\u017eeg za\u010dinskog bilja. Savr\u0161eno za poslu\u017eiti uz bijelu ribu i morske delicije, svijetlo meso, a zbog svoje pikantnosti se na poseban na\u010din sljubljuje i s crvenim mesom i umacima.<\/p>\n<p>Zapremina: 0,5 L<\/p>\n","protected":false},"featured_media":1019,"template":"","meta":{"nf_dc_page":""},"product_brand":[],"product_cat":[32],"product_tag":[],"class_list":{"0":"post-328","1":"product","2":"type-product","3":"status-publish","4":"has-post-thumbnail","6":"product_cat-regular-edition-hr","8":"first","9":"instock","10":"shipping-taxable","11":"purchasable","12":"product-type-simple"},"jetpack_sharing_enabled":true,"_links":{"self":[{"href":"https:\/\/queenofkornati.com\/hr\/wp-json\/wp\/v2\/product\/328","targetHints":{"allow":["GET"]}}],"collection":[{"href":"https:\/\/queenofkornati.com\/hr\/wp-json\/wp\/v2\/product"}],"about":[{"href":"https:\/\/queenofkornati.com\/hr\/wp-json\/wp\/v2\/types\/product"}],"wp:featuredmedia":[{"embeddable":true,"href":"https:\/\/queenofkornati.com\/hr\/wp-json\/wp\/v2\/media\/1019"}],"wp:attachment":[{"href":"https:\/\/queenofkornati.com\/hr\/wp-json\/wp\/v2\/media?parent=328"}],"wp:term":[{"taxonomy":"product_brand","embeddable":true,"href":"https:\/\/queenofkornati.com\/hr\/wp-json\/wp\/v2\/product_brand?post=328"},{"taxonomy":"product_cat","embeddable":true,"href":"https:\/\/queenofkornati.com\/hr\/wp-json\/wp\/v2\/product_cat?post=328"},{"taxonomy":"product_tag","embeddable":true,"href":"https:\/\/queenofkornati.com\/hr\/wp-json\/wp\/v2\/product_tag?post=328"}],"curies":[{"name":"wp","href":"https:\/\/api.w.org\/{rel}","templated":true}]}}