{"id":326,"date":"2018-03-19T11:55:41","date_gmt":"2018-03-19T11:55:41","guid":{"rendered":"https:\/\/queenofkornati.com\/product\/queen-of-kornati-gold-edition\/"},"modified":"2018-06-13T15:21:39","modified_gmt":"2018-06-13T14:21:39","slug":"queen-of-kornati-gold-edition","status":"publish","type":"product","link":"https:\/\/queenofkornati.com\/hr\/proizvod\/queen-of-kornati-gold-edition\/","title":{"rendered":"Kraljica kornata &#8211; Zlatna edicija"},"content":{"rendered":"<p>Kraljica Kornata &#8211;\u00a0 Gold edition ekstra djevi\u010dansko maslinovo ulje &#8211; odli\u010dan je izbor za Vas, ako \u017eelite ne\u0161to posebno, druga\u010dije od uobi\u010dajenog, pokloniti poslovnim partnerima i prijateljima i\u00a0 ostaviti nezaboravan dojam.<\/p>\n<p>Na\u0161 cilj\u00a0 je, da Vi, Va\u0161im odabirom i kupnjom, dobijete ekskluzivnost, posebnost i iznimnu kvalitetu u limitiranoj ediciji koja je ograni\u010dena na 500 pakiranja Gold edition za berbu 2017.<\/p>\n<p>Kao \u0161to je majka uvijek imala presudno zna\u010denje u obitelji tijekom te\u0161kih, te\u017ea\u010dkih vremena, tako je i s razlogom kornatska stoljetna maslina zaslu\u017eila da na\u0161e maslinovo ulje nosi naziv Kraljica Kornata.<\/p>\n<p>Kraljica Kornata Gold edition maslinovo ulje karakterizira ugodna blaga pikantnost koja se s vremenom poja\u010dava, uz blagu primjesu mirisa \u0161krte oto\u010dne trave i svje\u017eeg za\u010dinskog bilja. Savr\u0161eno za poslu\u017eit uz bijelu ribu i morske delicije, svijetlo meso, a zbog svoje pikantnosti na poseban se na\u010din sljubljuje i sa crvenim mesom te umacima.<\/p>\n<p>Jednostavno, rapsodija boja i okusa, a to je i bio na\u0161 cilj.<\/p>\n","protected":false},"excerpt":{"rendered":"<p>Na stoljetnim stablima maslina, po\u0161tuju\u0107i obiteljsku tradiciju i naslje\u0111e, okrunili smo svoj rad stvoriv\u0161i ovo 100% organsko i ekolo\u0161ko ekstra djevi\u010dansko maslinovo ulje. Sa \u017eeljom da mu damo posebnost i ekskluzivnost koje ono svojim podrijetlom i zaslu\u017euje, dodatno smo ga obogatili i ulju dodali 23 karatno zlato u obliku zlatnih listi\u0107a.<\/p>\n<p>Uz svaki primjerak Zlatne edicije, dobivate i na\u0161 certifikat unikatnosti boce kao garanciju da ba\u0161 Vi imate unikatan primjerak, jedne od 500 boca na\u0161e edicije za 2017. Kada otvorite crnu ekskluzivnu kutiju, ugledat \u0107ete maslinovo ulje sa listi\u0107ima zlata, u druga\u010dijem pakiranju nego ste navikli vidjeti do sada. Kada izvadite svoju bocu iz kutije, primijetit \u0107ete igru svjetlosti ulja i zlatnih listi\u0107a.<\/p>\n<p>Zapremina: 0,7 L<\/p>\n","protected":false},"featured_media":693,"template":"","meta":{"nf_dc_page":""},"product_brand":[],"product_cat":[31],"product_tag":[],"class_list":{"0":"post-326","1":"product","2":"type-product","3":"status-publish","4":"has-post-thumbnail","6":"product_cat-gold-edition-hr","8":"first","9":"instock","10":"shipping-taxable","11":"purchasable","12":"product-type-simple"},"jetpack_sharing_enabled":true,"_links":{"self":[{"href":"https:\/\/queenofkornati.com\/hr\/wp-json\/wp\/v2\/product\/326","targetHints":{"allow":["GET"]}}],"collection":[{"href":"https:\/\/queenofkornati.com\/hr\/wp-json\/wp\/v2\/product"}],"about":[{"href":"https:\/\/queenofkornati.com\/hr\/wp-json\/wp\/v2\/types\/product"}],"wp:featuredmedia":[{"embeddable":true,"href":"https:\/\/queenofkornati.com\/hr\/wp-json\/wp\/v2\/media\/693"}],"wp:attachment":[{"href":"https:\/\/queenofkornati.com\/hr\/wp-json\/wp\/v2\/media?parent=326"}],"wp:term":[{"taxonomy":"product_brand","embeddable":true,"href":"https:\/\/queenofkornati.com\/hr\/wp-json\/wp\/v2\/product_brand?post=326"},{"taxonomy":"product_cat","embeddable":true,"href":"https:\/\/queenofkornati.com\/hr\/wp-json\/wp\/v2\/product_cat?post=326"},{"taxonomy":"product_tag","embeddable":true,"href":"https:\/\/queenofkornati.com\/hr\/wp-json\/wp\/v2\/product_tag?post=326"}],"curies":[{"name":"wp","href":"https:\/\/api.w.org\/{rel}","templated":true}]}}