{"id":402,"date":"2018-03-20T16:30:54","date_gmt":"2018-03-20T16:30:54","guid":{"rendered":"https:\/\/queenofkornati.com\/?page_id=402"},"modified":"2018-05-20T10:04:06","modified_gmt":"2018-05-20T09:04:06","slug":"opci-uvjeti-poslovanja","status":"publish","type":"page","link":"https:\/\/queenofkornati.com\/hr\/opci-uvjeti-poslovanja\/","title":{"rendered":"Op\u0107i uvjeti poslovanja"},"content":{"rendered":"<p>Kori\u0161tenjem ovih internetskih stranica krajnji korisnik\/kupac potvr\u0111uje da je upoznat i suglasan s ovim Op\u0107im uvjetima poslovanja.<\/p>\n<p>Krajnji korisnik je posjetitelj ovih stranica, a&nbsp;kupac&nbsp;je posjetitelj stranica koji popuni elektroni\u010dku narud\u017ebu, te izvr\u0161i pla\u0107anje putem jednog od ponu\u0111enih na\u010dina pla\u0107anja.<\/p>\n<h2>Online trgovina<\/h2>\n<p>Online trgovina na internetskoj adresi <a href=\"http:\/\/www.QueenOfKornati.com\" target=\"_blank\" rel=\"noopener\"><strong>www.QueenOfKornati.com<\/strong><\/a> dostupna je svakog dana od 0 do 24 sata.<\/p>\n<h2>Dostava<\/h2>\n<p>Dostavu kupljene robe do kupca vr\u0161e ugovorene dostavne slu\u017ebe.<\/p>\n<h2>Primjedbe i prigovori<\/h2>\n<p>Sukladno \u010dlanku 10. Zakona o za\u0161titi potro\u0161a\u010da, internet trgovina omogu\u0107ava slanje pisanih prigovora vezanih uz web kupovinu na adresu sjedi\u0161ta ili na adresu elektroni\u010dke po\u0161te objavljene u poglavlju Informacije o prodavatelju.<\/p>\n<p>Na sve primjedbe i prigovore odgovorit \u0107emo u roku od najvi\u0161e 15 dana.<\/p>\n<h2>Povrat i reklamacija proizvoda<\/h2>\n<p>Kupac ima pravo na opravdani prigovor i na povrat robe u sljede\u0107im slu\u010dajevima:<\/p>\n<ul>\n<li>Isporuka robe koja nije naru\u010dena<\/li>\n<li>Isporuka robe kojoj je istekao rok trajanja<\/li>\n<li>Isporuka robe koja ima gre\u0161ku ili o\u0161te\u0107enja<\/li>\n<\/ul>\n<p>Rok za podno\u0161enje reklamacije je 30 dana od dana primitka robe pisanim putem na adresu sjedi\u0161ta ili na adresu elektroni\u010dke po\u0161te objavljene u poglavlju Informacije o prodavatelju.<\/p>\n<p>Prodavatelj \u0107e u roku od 15 dana, od dana primitka pisane reklamacije, zamijeniti proizvod ili vratiti kupcu cjelokupan pla\u0107eni iznos.<\/p>\n<h2>Online rje\u0161avanje potro\u0161a\u010dkih sporova<\/h2>\n<p>Temeljem Uredbe Europske unije o online rje\u0161avanju potro\u0161a\u010dkih sporova, od 15. velja\u010de 2016. godine na podru\u010dju cijele Europske unije sve sporove vezane uz online kupnju mogu\u0107e je rje\u0161avati putem <a href=\"https:\/\/ec.europa.eu\/consumers\/odr\" target=\"_blank\" rel=\"noopener\"><strong>ODR (Online Dispute Resolution)<\/strong><\/a> platforme. Platformu mogu koristiti i potro\u0161a\u010di i trgovci, a prigovor je mogu\u0107e podnijeti na bilo kojem slu\u017ebenom jeziku Europske unije.<\/p>\n<h2>Raskid ugovora<\/h2>\n<p>U skladu sa \u010dlankom 72. Zakona o za\u0161titi potro\u0161a\u010da, kupac ima pravo na jednostrani raskid ugovora, ne navode\u0107i razloge za to, u roku od 30 dana od dana primitka naru\u010denih proizvoda. Kako bi ostvario pravo na raskid ugovora, kupac je du\u017ean o svojoj namjeri pismeno obavijestiti prodavatelja.&nbsp;Ugovor se mo\u017ee raskinuti nedvosmislenom pisanom izjavom na trajnom mediju u kojoj kupac izra\u017eava svoju \u017eelju za raskidom ugovora.<\/p>\n<p>Sukladno \u010dlanku 77. Zakona o za\u0161titi potro\u0161a\u010da, kupac je du\u017ean robu predati ili poslati bez odga\u0111anja, a najkasnije u roku od 15 dana od dana kada je uputio svoju odluku o jednostranom raskidu ugovora. Kupac je odgovoran za svako umanjenje vrijednosti robe koje je rezultat rukovanja robom, osim onog koje je bilo potrebno za utvr\u0111ivanje prirode, obilje\u017eja i funkcionalnosti robe.&nbsp;Umanjenje vrijednosti odre\u0111uje slu\u017ebeni servis ili dobavlja\u010d.<\/p>\n<p>Prema \u010dlanku 77. Zakona o za\u0161titi potro\u0161a\u010da, u slu\u010daju da koristi svoje pravo na povrat robe, kupac snosi tro\u0161ak vra\u0107anja robe i mora je vratiti u roku od 15 dana. Vra\u0107eni proizvodi moraju biti u dobrom stanju, ne otvoreni, ne kori\u0161teni i u originalnoj ambala\u017ei.<\/p>\n<p>Povrat novca bit \u0107e izvr\u0161en na isti na\u010din na koji je izvr\u0161ena uplata. U slu\u010daju da kupac pristaje na drugi na\u010din povrata pla\u0107enog iznosa, ne snosi nikakve tro\u0161kove povrata.<\/p>\n<h2>Izjava o prikupljanju, kori\u0161tenju i za\u0161titi osobnih podataka<\/h2>\n<p>Prodavatelj se obavezuje pru\u017eati za\u0161titu osobnim podacima kupaca na na\u010din da&nbsp;prikuplja&nbsp;samo nu\u017ene, osnovne podatke o kupcima\/korisnicima koji su nu\u017eni za ispunjenje obveza, informira kupce o na\u010dinu kori\u0161tenja prikupljenih podataka, daje kupcima mogu\u0107nost izbora o upotrebi njihovih podataka uklju\u010duju\u0107i mogu\u0107nost odluke \u017eele li ili ne da se njihovo ime ukloni s lista koje se koriste za marketin\u0161ke kampanje.<\/p>\n<p>Svi&nbsp;se podaci o korisnicima strogo \u010duvaju i dostupni su samo djelatnicima kojima su ti podaci nu\u017eni za obavljanje posla. Svi djelatnici prodavatelja i poslovni partneri odgovorni su za po\u0161tivanje na\u010dela za\u0161tite privatnosti.<\/p>\n<h2>Informacije o prodavatelju<\/h2>\n<p><strong>Naziv i adresa sjedi\u0161ta:<\/strong><\/p>\n<p>OPG Karlo Popovi\u0107<br \/>\nPut Gradine 32a<br \/>\n22243 Murter<\/p>\n<p><strong>Adresa elektroni\u010dke po\u0161te:<\/strong><\/p>\n<p>info@queenofkornati.com<\/p>\n<p><strong>Telefon:<\/strong><\/p>\n<p>+385&nbsp;98 1881899<\/p>\n<p><strong>Podaci o registraciji:<\/strong><\/p>\n<p>Registar: Upisnik poljoprivrednih gospodarstava<br \/>\nDatum upisa: 11.03.2010.<br \/>\nMIBPG: 203306<br \/>\nOIB: 87654982522<br \/>\nVlasnik: Karlo Popovi\u0107<\/p>\n","protected":false},"excerpt":{"rendered":"<p>Kori\u0161tenjem ovih internetskih stranica krajnji korisnik\/kupac potvr\u0111uje da je upoznat i suglasan s ovim Op\u0107im uvjetima poslovanja. Krajnji korisnik je posjetitelj ovih stranica, a&nbsp;kupac&nbsp;je posjetitelj stranica koji popuni elektroni\u010dku narud\u017ebu, te izvr\u0161i pla\u0107anje putem jednog od ponu\u0111enih na\u010dina pla\u0107anja. Online trgovina Online trgovina na internetskoj adresi www.QueenOfKornati.com dostupna je svakog dana od 0 do 24 [&hellip;]<\/p>\n","protected":false},"author":2,"featured_media":0,"parent":0,"menu_order":0,"comment_status":"closed","ping_status":"closed","template":"","meta":{"nf_dc_page":"","footnotes":""},"class_list":["post-402","page","type-page","status-publish","hentry"],"jetpack_sharing_enabled":true,"jetpack_shortlink":"https:\/\/wp.me\/P9LaRR-6u","_links":{"self":[{"href":"https:\/\/queenofkornati.com\/hr\/wp-json\/wp\/v2\/pages\/402","targetHints":{"allow":["GET"]}}],"collection":[{"href":"https:\/\/queenofkornati.com\/hr\/wp-json\/wp\/v2\/pages"}],"about":[{"href":"https:\/\/queenofkornati.com\/hr\/wp-json\/wp\/v2\/types\/page"}],"author":[{"embeddable":true,"href":"https:\/\/queenofkornati.com\/hr\/wp-json\/wp\/v2\/users\/2"}],"replies":[{"embeddable":true,"href":"https:\/\/queenofkornati.com\/hr\/wp-json\/wp\/v2\/comments?post=402"}],"version-history":[{"count":5,"href":"https:\/\/queenofkornati.com\/hr\/wp-json\/wp\/v2\/pages\/402\/revisions"}],"predecessor-version":[{"id":850,"href":"https:\/\/queenofkornati.com\/hr\/wp-json\/wp\/v2\/pages\/402\/revisions\/850"}],"wp:attachment":[{"href":"https:\/\/queenofkornati.com\/hr\/wp-json\/wp\/v2\/media?parent=402"}],"curies":[{"name":"wp","href":"https:\/\/api.w.org\/{rel}","templated":true}]}}