{"id":394,"date":"2018-03-20T15:32:53","date_gmt":"2018-03-20T15:32:53","guid":{"rendered":"https:\/\/queenofkornati.com\/?page_id=394"},"modified":"2018-05-11T16:28:45","modified_gmt":"2018-05-11T16:28:45","slug":"nacini-placanja","status":"publish","type":"page","link":"https:\/\/queenofkornati.com\/hr\/nacini-placanja\/","title":{"rendered":"Na\u010dini pla\u0107anja"},"content":{"rendered":"<p>Sve navedene cijene uklju\u010duju PDV i jednake su za sve na\u010dine pla\u0107anja.<\/p>\n<p>Mogu\u0107u na\u010dini pla\u0107anja su:<\/p>\n<ul>\n<li><strong>Bankovnom transakcijom<\/strong><\/li>\n<li><strong>Karti\u010dnim pla\u0107anjem<\/strong><\/li>\n<\/ul>\n<p>Prihva\u0107amo sljede\u0107e kartice:<\/p>\n<ul>\n<li><strong>MasterCard\u00ae<\/strong><\/li>\n<\/ul>\n<p><a href=\"http:\/\/www.mastercard.com\" target=\"_blank\" rel=\"noopener\"><img data-recalc-dims=\"1\" loading=\"lazy\" decoding=\"async\" class=\"alignnone wp-image-379\" src=\"https:\/\/i0.wp.com\/queenofkornati.com\/wp-content\/uploads\/2018\/03\/mc_acc_opt_70_1x.png?resize=109%2C70&#038;ssl=1\" alt=\"\" width=\"109\" height=\"70\"><\/a><\/p>\n<ul>\n<li><strong>Maestro\u00ae<\/strong><\/li>\n<\/ul>\n<p><a href=\"http:\/\/www.maestrocard.com\" target=\"_blank\" rel=\"noopener\"><img data-recalc-dims=\"1\" loading=\"lazy\" decoding=\"async\" class=\"alignnone wp-image-382\" src=\"https:\/\/i0.wp.com\/queenofkornati.com\/wp-content\/uploads\/2018\/03\/ms_acc_opt_70_1x.png?resize=109%2C70&#038;ssl=1\" alt=\"\" width=\"109\" height=\"70\"><\/a><\/p>\n<ul>\n<li><strong>Visa<\/strong><\/li>\n<\/ul>\n<p><a href=\"http:\/\/www.visa.com.hr\" target=\"_blank\" rel=\"noopener\"><img data-recalc-dims=\"1\" loading=\"lazy\" decoding=\"async\" class=\"alignnone wp-image-385\" src=\"https:\/\/i0.wp.com\/queenofkornati.com\/wp-content\/uploads\/2018\/03\/visa_fc.png?resize=95%2C60&#038;ssl=1\" alt=\"\" width=\"95\" height=\"60\"><\/a><\/p>\n<h2>Izjava o prikazu valute i konverziji<\/h2>\n<p>Cijene su izra\u017eene u kunama za hrvatski jezik i u eurima za ostale jezike. Sva pla\u0107anja se vr\u0161e u kunama.<\/p>\n<p>Va\u0161a kreditna kartica bit \u0107e tere\u0107ena u lokalnoj valuti prema te\u010daju udru\u017eenja kreditnih kartica. Kao rezultat ove konverzije postoji mogu\u0107nost razlike od originalne cijene navedene na na\u0161im web stranicama.<\/p>\n","protected":false},"excerpt":{"rendered":"<p>Sve navedene cijene uklju\u010duju PDV i jednake su za sve na\u010dine pla\u0107anja. Mogu\u0107u na\u010dini pla\u0107anja su: Bankovnom transakcijom Karti\u010dnim pla\u0107anjem Prihva\u0107amo sljede\u0107e kartice: MasterCard\u00ae Maestro\u00ae Visa Izjava o prikazu valute i konverziji Cijene su izra\u017eene u kunama za hrvatski jezik i u eurima za ostale jezike. Sva pla\u0107anja se vr\u0161e u kunama. Va\u0161a kreditna kartica [&hellip;]<\/p>\n","protected":false},"author":2,"featured_media":0,"parent":0,"menu_order":0,"comment_status":"closed","ping_status":"closed","template":"","meta":{"nf_dc_page":"","footnotes":""},"class_list":["post-394","page","type-page","status-publish","hentry"],"jetpack_sharing_enabled":true,"jetpack_shortlink":"https:\/\/wp.me\/P9LaRR-6m","_links":{"self":[{"href":"https:\/\/queenofkornati.com\/hr\/wp-json\/wp\/v2\/pages\/394","targetHints":{"allow":["GET"]}}],"collection":[{"href":"https:\/\/queenofkornati.com\/hr\/wp-json\/wp\/v2\/pages"}],"about":[{"href":"https:\/\/queenofkornati.com\/hr\/wp-json\/wp\/v2\/types\/page"}],"author":[{"embeddable":true,"href":"https:\/\/queenofkornati.com\/hr\/wp-json\/wp\/v2\/users\/2"}],"replies":[{"embeddable":true,"href":"https:\/\/queenofkornati.com\/hr\/wp-json\/wp\/v2\/comments?post=394"}],"version-history":[{"count":5,"href":"https:\/\/queenofkornati.com\/hr\/wp-json\/wp\/v2\/pages\/394\/revisions"}],"predecessor-version":[{"id":651,"href":"https:\/\/queenofkornati.com\/hr\/wp-json\/wp\/v2\/pages\/394\/revisions\/651"}],"wp:attachment":[{"href":"https:\/\/queenofkornati.com\/hr\/wp-json\/wp\/v2\/media?parent=394"}],"curies":[{"name":"wp","href":"https:\/\/api.w.org\/{rel}","templated":true}]}}