{"id":257,"date":"2018-03-20T09:34:30","date_gmt":"2018-03-20T09:34:30","guid":{"rendered":"https:\/\/queenofkornati.com\/?page_id=257"},"modified":"2018-05-28T08:06:26","modified_gmt":"2018-05-28T07:06:26","slug":"kuca-za-odmor","status":"publish","type":"page","link":"https:\/\/queenofkornati.com\/hr\/kuca-za-odmor\/","title":{"rendered":"Ku\u0107a za odmor"},"content":{"rendered":"<h4>Jutarnje bu\u0111enje i prva kava na terasi, svega 3 metra od mora? Mo\u017eete li po\u017eeljeti ljep\u0161i po\u010detak dana?<\/h4>\n<p style=\"text-align: center;\"><div id=\"wug-wrapper-970\" class=\"wug-wrapper\">\n        <script>\n            jQuery(document).ready(function($){\n                    $(\".single-ug-image-item a\").magnificPopup({\n                        gallery: {\n                            enabled: true\n                        },\n                        type: 'image',\n                        mainClass: 'mfp-fade',\n                        removalDelay: 300,\n                    });\n                    $(\"#wug-inner-970\").lightSlider({\n                        item:1,\n                        loop: true,\n                        auto: true,\n                        \n                        \n                        pager: true,\n                        controls: true,\n                        \n                        \n                        pause: 5000,\n                        adaptiveHeight: false,\n                        slideMargin: 0,\n                        prevHtml: \"<i class='icomoon icomoon-thin-left'><\/i>\", \n                        nextHtml: \"<i class='icomoon icomoon-thin-right'><\/i>\",\n                        gallery:true,\n                        thumbMargin: 5,\n                        thumbItem: 12,\n                \n                        responsive: [\n                            {\n                                breakpoint:768,\n                                settings: {\n                                    item:1,\n                                }\n                            },\n                            {\n                                breakpoint:480,\n                                settings: {\n                                    item:1,\n                                }\n                            }\n                        ]                       \n                    });\n            \n            });\n            \n            jQuery(window).load(function(){\n        \n            jQuery(\".wug-second-wrap\").addClass(\"wug-loaded\");\n            jQuery(\".wug-gallery-pagination\").delay(1000).fadeIn();\n        \n            });\n        <\/script>\n        <div class=\"wug-second-wrap\"><div class=\"wpg-loading-wrap\"><div class=\"wpg-loading\"><i class=\"icomoon icomoon-spinner icomoon-rotate\"><\/i><p>loading ...<\/p><\/div><\/div><div class=\"wug-inner wug-flexible   \"><div id=\"wug-inner-970\"><div data-thumb=\"https:\/\/i0.wp.com\/queenofkornati.com\/wp-content\/uploads\/2018\/05\/Queen-House-011.png?resize=150%2C150&ssl=1\" class=\"single-ug-slide-item\"><img data-recalc-dims=\"1\" height=\"450\" width=\"650\" decoding=\"async\" src=\"https:\/\/i0.wp.com\/queenofkornati.com\/wp-content\/uploads\/2018\/05\/Queen-House-011.png?resize=650%2C450&#038;ssl=1\" alt=\"Holiday Home\"\/>\n                <\/div><div data-thumb=\"https:\/\/i0.wp.com\/queenofkornati.com\/wp-content\/uploads\/2018\/05\/Queen-House-021.png?resize=150%2C150&ssl=1\" class=\"single-ug-slide-item\"><img data-recalc-dims=\"1\" height=\"450\" width=\"650\" decoding=\"async\" src=\"https:\/\/i0.wp.com\/queenofkornati.com\/wp-content\/uploads\/2018\/05\/Queen-House-021.png?resize=650%2C450&#038;ssl=1\" alt=\"Holiday Home\"\/>\n                <\/div><div data-thumb=\"https:\/\/i0.wp.com\/queenofkornati.com\/wp-content\/uploads\/2018\/05\/Queen-House-031.jpg?resize=150%2C150&ssl=1\" class=\"single-ug-slide-item\"><img data-recalc-dims=\"1\" height=\"450\" width=\"650\" decoding=\"async\" src=\"https:\/\/i0.wp.com\/queenofkornati.com\/wp-content\/uploads\/2018\/05\/Queen-House-031.jpg?resize=650%2C450&#038;ssl=1\" alt=\"Holiday Home\"\/>\n                <\/div><div data-thumb=\"https:\/\/i0.wp.com\/queenofkornati.com\/wp-content\/uploads\/2018\/05\/Queen-House-041.jpg?resize=150%2C150&ssl=1\" class=\"single-ug-slide-item\"><img data-recalc-dims=\"1\" height=\"450\" width=\"650\" decoding=\"async\" src=\"https:\/\/i0.wp.com\/queenofkornati.com\/wp-content\/uploads\/2018\/05\/Queen-House-041.jpg?resize=650%2C450&#038;ssl=1\" alt=\"Holiday Home\"\/>\n                <\/div><div data-thumb=\"https:\/\/i0.wp.com\/queenofkornati.com\/wp-content\/uploads\/2018\/05\/Queen-House-051.jpg?resize=150%2C150&ssl=1\" class=\"single-ug-slide-item\"><img data-recalc-dims=\"1\" height=\"450\" width=\"650\" decoding=\"async\" src=\"https:\/\/i0.wp.com\/queenofkornati.com\/wp-content\/uploads\/2018\/05\/Queen-House-051.jpg?resize=650%2C450&#038;ssl=1\" alt=\"Holiday Home\"\/>\n                <\/div><div data-thumb=\"https:\/\/i0.wp.com\/queenofkornati.com\/wp-content\/uploads\/2018\/05\/Queen-House-061.jpg?resize=150%2C150&ssl=1\" class=\"single-ug-slide-item\"><img data-recalc-dims=\"1\" height=\"450\" width=\"650\" decoding=\"async\" src=\"https:\/\/i0.wp.com\/queenofkornati.com\/wp-content\/uploads\/2018\/05\/Queen-House-061.jpg?resize=650%2C450&#038;ssl=1\" alt=\"Holiday Home\"\/>\n                <\/div><div data-thumb=\"https:\/\/i0.wp.com\/queenofkornati.com\/wp-content\/uploads\/2018\/05\/Queen-House-071.png?resize=150%2C150&ssl=1\" class=\"single-ug-slide-item\"><img data-recalc-dims=\"1\" height=\"450\" width=\"650\" decoding=\"async\" src=\"https:\/\/i0.wp.com\/queenofkornati.com\/wp-content\/uploads\/2018\/05\/Queen-House-071.png?resize=650%2C450&#038;ssl=1\" alt=\"Holiday Home\"\/>\n                <\/div><div data-thumb=\"https:\/\/i0.wp.com\/queenofkornati.com\/wp-content\/uploads\/2018\/05\/Queen-House-081.jpg?resize=150%2C150&ssl=1\" class=\"single-ug-slide-item\"><img data-recalc-dims=\"1\" height=\"450\" width=\"650\" decoding=\"async\" src=\"https:\/\/i0.wp.com\/queenofkornati.com\/wp-content\/uploads\/2018\/05\/Queen-House-081.jpg?resize=650%2C450&#038;ssl=1\" alt=\"Holiday Home\"\/>\n                <\/div><div data-thumb=\"https:\/\/i0.wp.com\/queenofkornati.com\/wp-content\/uploads\/2018\/05\/Queen-House-091.jpg?resize=150%2C150&ssl=1\" class=\"single-ug-slide-item\"><img data-recalc-dims=\"1\" height=\"450\" width=\"650\" decoding=\"async\" src=\"https:\/\/i0.wp.com\/queenofkornati.com\/wp-content\/uploads\/2018\/05\/Queen-House-091.jpg?resize=650%2C450&#038;ssl=1\" alt=\"Holiday Home\"\/>\n                <\/div><div data-thumb=\"https:\/\/i0.wp.com\/queenofkornati.com\/wp-content\/uploads\/2018\/05\/Queen-House-101.jpg?resize=150%2C150&ssl=1\" class=\"single-ug-slide-item\"><img data-recalc-dims=\"1\" height=\"450\" width=\"650\" decoding=\"async\" src=\"https:\/\/i0.wp.com\/queenofkornati.com\/wp-content\/uploads\/2018\/05\/Queen-House-101.jpg?resize=650%2C450&#038;ssl=1\" alt=\"Holiday Home\"\/>\n                <\/div><div data-thumb=\"https:\/\/i0.wp.com\/queenofkornati.com\/wp-content\/uploads\/2018\/05\/Queen-House-111.jpg?resize=150%2C150&ssl=1\" class=\"single-ug-slide-item\"><img data-recalc-dims=\"1\" height=\"450\" width=\"650\" decoding=\"async\" src=\"https:\/\/i0.wp.com\/queenofkornati.com\/wp-content\/uploads\/2018\/05\/Queen-House-111.jpg?resize=650%2C450&#038;ssl=1\" alt=\"Holiday Home\"\/>\n                <\/div><div data-thumb=\"https:\/\/i0.wp.com\/queenofkornati.com\/wp-content\/uploads\/2018\/05\/Queen-House-121.jpg?resize=150%2C150&ssl=1\" class=\"single-ug-slide-item\"><img data-recalc-dims=\"1\" height=\"450\" width=\"650\" decoding=\"async\" src=\"https:\/\/i0.wp.com\/queenofkornati.com\/wp-content\/uploads\/2018\/05\/Queen-House-121.jpg?resize=650%2C450&#038;ssl=1\" alt=\"Holiday Home\"\/>\n                <\/div><\/div><\/div><\/div><div style=\"clear:both\"><\/div><\/div><\/p>\n<p style=\"text-align: center;\"><a class=\"maxbutton-1 maxbutton maxbutton-posaljite-upit\" href=\"http:\/\/queenofkornati.com\/hr\/contact\/\"><span class='mb-text'>Po\u0161aljite upit<\/span><\/a><\/p>\n<p>Da, dobro ste pro\u010ditali. Zamislite da umjesto dosadne budilice, mobitela, Vas budi pjesma cvr\u010daka i miris lavande, svje\u017eina i \u0161um mora&#8230; Kada ste dovoljno u\u017eivali u jutarnjem miru na terasi s pogledom na more i ribare na njihovom jutarnjem izlasku na ribe?\u00a0 Ako se odlu\u010dite okupati, to mo\u017eete u prekrasno \u010distom moru i to ispred ku\u0107e. Nema pje\u0161a\u010denja, tra\u017eenja parkinga, gu\u017eve na pla\u017ei&#8230; Ovdje je sve pred Vama, Va\u0161a riva, Va\u0161a pla\u017ea, Va\u0161e more&#8230;<\/p>\n<p>Nakon vi\u0161e od 35 godina sna, ostvarena je ideja male obiteljske ku\u0107e u Kornatima. Danas lijepog naziva &#8220;ku\u0107a za odmor&#8221;, ali do te realizacije bilo je puno umora i napornog rada cijele obitelji. Nalazi se u uvali Vrulje u samom NP Kornati.<\/p>\n<p>Danas je svima potreban bijeg od u\u017eurbane svakodnevne rutine i obaveza i da bi to realizirali potrebne su upravo ovakve destinacije gdje se opu\u0161tanje mo\u017ee do\u017eivjeti u potpunosti.<\/p>\n<p>Ku\u0107a je namijenjena za udoban smje\u0161taj\u00a0 6 osoba sa svim prate\u0107im sadr\u017eajima. Posjeduje dvije terase, prednja (s pogledom na more), a iza ku\u0107e druga, intimna, velika terasa sa svime \u0161to je potrebno za ro\u0161tiljanje, kru\u0161na pe\u0107 te mala kamena ostava &#8211; konoba s lijepom ponudom hrvatskih vina i pjenu\u0161aca.<\/p>\n<p>Za sve ostale informacije i provjere slobodnih termina, molimo po\u0161aljite nam upit.<\/p>\n<p style=\"text-align: center;\"><a class=\"maxbutton-1 maxbutton maxbutton-posaljite-upit\" href=\"http:\/\/queenofkornati.com\/hr\/contact\/\"><span class='mb-text'>Po\u0161aljite upit<\/span><\/a><\/p>\n<p><iframe loading=\"lazy\" style=\"border: 0;\" src=\"https:\/\/www.google.com\/maps\/embed?pb=!1m18!1m12!1m3!1d2879.220028833524!2d15.303890715627604!3d43.80979527911615!2m3!1f0!2f0!3f0!3m2!1i1024!2i768!4f13.1!3m3!1m2!1s0x1334ba04661633a7%3A0x904bc631d813489a!2sHoliday+Home+Queen+of+Kornati!5e0!3m2!1shr!2shr!4v1521554421097\" width=\"600\" height=\"450\" frameborder=\"0\" allowfullscreen=\"allowfullscreen\"><\/iframe><\/p>\n","protected":false},"excerpt":{"rendered":"<p>Jutarnje bu\u0111enje i prva kava na terasi, svega 3 metra od mora? Mo\u017eete li po\u017eeljeti ljep\u0161i po\u010detak dana? Da, dobro ste pro\u010ditali. Zamislite da umjesto dosadne budilice, mobitela, Vas budi pjesma cvr\u010daka i miris lavande, svje\u017eina i \u0161um mora&#8230; Kada ste dovoljno u\u017eivali u jutarnjem miru na terasi s pogledom na more i ribare na [&hellip;]<\/p>\n","protected":false},"author":2,"featured_media":0,"parent":0,"menu_order":0,"comment_status":"closed","ping_status":"closed","template":"","meta":{"nf_dc_page":"","footnotes":""},"class_list":["post-257","page","type-page","status-publish","hentry"],"jetpack_sharing_enabled":true,"jetpack_shortlink":"https:\/\/wp.me\/P9LaRR-49","_links":{"self":[{"href":"https:\/\/queenofkornati.com\/hr\/wp-json\/wp\/v2\/pages\/257","targetHints":{"allow":["GET"]}}],"collection":[{"href":"https:\/\/queenofkornati.com\/hr\/wp-json\/wp\/v2\/pages"}],"about":[{"href":"https:\/\/queenofkornati.com\/hr\/wp-json\/wp\/v2\/types\/page"}],"author":[{"embeddable":true,"href":"https:\/\/queenofkornati.com\/hr\/wp-json\/wp\/v2\/users\/2"}],"replies":[{"embeddable":true,"href":"https:\/\/queenofkornati.com\/hr\/wp-json\/wp\/v2\/comments?post=257"}],"version-history":[{"count":5,"href":"https:\/\/queenofkornati.com\/hr\/wp-json\/wp\/v2\/pages\/257\/revisions"}],"predecessor-version":[{"id":1067,"href":"https:\/\/queenofkornati.com\/hr\/wp-json\/wp\/v2\/pages\/257\/revisions\/1067"}],"wp:attachment":[{"href":"https:\/\/queenofkornati.com\/hr\/wp-json\/wp\/v2\/media?parent=257"}],"curies":[{"name":"wp","href":"https:\/\/api.w.org\/{rel}","templated":true}]}}