{"id":329,"date":"2018-03-19T11:51:53","date_gmt":"2018-03-19T11:51:53","guid":{"rendered":"https:\/\/queenofkornati.com\/product\/queen-of-kornati-regular-edition\/"},"modified":"2018-06-13T15:18:19","modified_gmt":"2018-06-13T14:18:19","slug":"queen-of-kornati-regular-edition","status":"publish","type":"product","link":"https:\/\/queenofkornati.com\/de\/produkt\/queen-of-kornati-regular-edition\/","title":{"rendered":"K\u00f6nigin der Kornaten &#8211; Klassische Edition"},"content":{"rendered":"<p>Diese Edition, ein Klassiker, mit einem besonderen Flaschendesign und einer dekorativen Verpackung, war der Anfang des Projekts unter dem Brand &#8211; <em>Kraljica Kornata<\/em>. Vor ungef\u00e4hr 10 Jahren war es unsere Familienentscheidung, die vernachl\u00e4ssigten, vergessenen Olivenb\u00e4ume wieder zu revitalisieren und neu zu beleben. Das Ergebnis ist die klassische Edition des extra nativen Oliven\u00f6ls auch aus dem <em>Trtu\u0161a<\/em> Feld, einem Teil von NP Kornati. Die klassische Edition ist der Gewinner vieler Goldmedaillen f\u00fcr Design, aber auch f\u00fcr die \u00d6lqualit\u00e4t seit 2010. Der Kauf dieses Oliven\u00f6ls liegt in der Besonderheit des Standortes selbst, des \u00f6kologischen Landbaus und der Verarbeitung, die von der \u00fcblichen Praxis auf dem Markt abweicht.<\/p>\n<p>Die klassische Edition des extra nativen Oliven\u00f6ls wird durch angenehme zarte Sch\u00e4rfe gekennzeichnet, dass mit einer milden Spur von Duft von kaum bewachsener Inselgras und frischen Kr\u00e4utern im Laufe der Zeit intensiviert. Perfekt zum Servieren mit Wei\u00dffisch und Meeresspezialit\u00e4ten, hellem Fleisch, aber wegen seiner Sch\u00e4rfe passt es rotem Fleisch und Saucen auf besondere Weise zu.<\/p>\n","protected":false},"excerpt":{"rendered":"<p>Die klassische Edition ist der Gewinner vieler Goldmedaillen f\u00fcr Design, aber auch f\u00fcr die \u00d6lqualit\u00e4t seit 2010. Der Kauf dieses Oliven\u00f6ls liegt in der Besonderheit des Standortes selbst, des \u00f6kologischen Landbaus und der Verarbeitung, die von der \u00fcblichen Praxis auf dem Markt abweicht.<\/p>\n<p>Die klassische Edition des extra nativen Oliven\u00f6ls wird durch angenehme zarte Sch\u00e4rfe gekennzeichnet, dass mit einer milden Spur von Duft von kaum bewachsener Inselgras und frischen Kr\u00e4utern im Laufe der Zeit intensiviert. Perfekt zum Servieren mit Wei\u00dffisch und Meeresspezialit\u00e4ten, hellem Fleisch, aber wegen seiner Sch\u00e4rfe passt es rotem Fleisch und Saucen auf besondere Weise zu.<\/p>\n<p>Volumen: 0.5 L<\/p>\n","protected":false},"featured_media":1020,"template":"","meta":{"nf_dc_page":""},"product_brand":[],"product_cat":[34],"product_tag":[],"class_list":{"0":"post-329","1":"product","2":"type-product","3":"status-publish","4":"has-post-thumbnail","6":"product_cat-regular-edition-de","8":"first","9":"instock","10":"shipping-taxable","11":"purchasable","12":"product-type-simple"},"jetpack_sharing_enabled":true,"_links":{"self":[{"href":"https:\/\/queenofkornati.com\/de\/wp-json\/wp\/v2\/product\/329","targetHints":{"allow":["GET"]}}],"collection":[{"href":"https:\/\/queenofkornati.com\/de\/wp-json\/wp\/v2\/product"}],"about":[{"href":"https:\/\/queenofkornati.com\/de\/wp-json\/wp\/v2\/types\/product"}],"wp:featuredmedia":[{"embeddable":true,"href":"https:\/\/queenofkornati.com\/de\/wp-json\/wp\/v2\/media\/1020"}],"wp:attachment":[{"href":"https:\/\/queenofkornati.com\/de\/wp-json\/wp\/v2\/media?parent=329"}],"wp:term":[{"taxonomy":"product_brand","embeddable":true,"href":"https:\/\/queenofkornati.com\/de\/wp-json\/wp\/v2\/product_brand?post=329"},{"taxonomy":"product_cat","embeddable":true,"href":"https:\/\/queenofkornati.com\/de\/wp-json\/wp\/v2\/product_cat?post=329"},{"taxonomy":"product_tag","embeddable":true,"href":"https:\/\/queenofkornati.com\/de\/wp-json\/wp\/v2\/product_tag?post=329"}],"curies":[{"name":"wp","href":"https:\/\/api.w.org\/{rel}","templated":true}]}}