{"id":327,"date":"2018-03-19T11:55:41","date_gmt":"2018-03-19T11:55:41","guid":{"rendered":"https:\/\/queenofkornati.com\/product\/queen-of-kornati-gold-edition\/"},"modified":"2018-06-13T15:22:07","modified_gmt":"2018-06-13T14:22:07","slug":"queen-of-kornati-gold-edition","status":"publish","type":"product","link":"https:\/\/queenofkornati.com\/de\/produkt\/queen-of-kornati-gold-edition\/","title":{"rendered":"K\u00f6nigin der Kornaten &#8211; Gold Edition"},"content":{"rendered":"<p><em>Kraljica Kornata<\/em> (K\u00f6nigin der Kornaten) &#8211; Gold Edition Natives Oliven\u00f6l Extra &#8211; eine ausgezeichnete Wahl, wenn Sie w\u00fcnschen etwas Besonderes Ihren Gesch\u00e4ftspartnern und Freunden zu geben und einen unvergesslichen Eindruck zu hinterlassen.<\/p>\n<p>Unser Ziel ist es, dass Sie durch Ihren Kauf und Ihre Wahl, Exklusivit\u00e4t, Einzigartigkeit und au\u00dfergew\u00f6hnliche Qualit\u00e4t in einer limitierten Auflage von 500 Verpackungen der Gold Edition f\u00fcr die 2017 Olivenernte bekommen.<\/p>\n<p>Wie unsere Mutter immer eine entscheidende Rolle in unserer Familie w\u00e4hrend m\u00fchseliger Landwirtschafszeiten spielte, erhielt ein jahrhundertealter Olivenbaum aus Kornati das Privileg, den Namen der K\u00f6nigin der Kornaten zu tragen.<\/p>\n<p><em>Kraljica Kornata<\/em> &#8211; Gold Edition Oliven\u00f6l wird durch die angenehme zarte Sch\u00e4rfe gekennzeichnet, die mit einer milden Spur von Duft von kaum bewachsener Inselgras und frischen Kr\u00e4utern im Laufe der Zeit intensiviert. Perfekt zum Servieren mit Wei\u00dffisch und Meeresspezialit\u00e4ten, hellem Fleisch, aber wegen seiner Sch\u00e4rfe passt es zu rotem Fleisch und Saucen auf besondere Weise.<\/p>\n<p>Einfach gesagt, es ist eine Rhapsodie von Farben und Geschm\u00e4ckern \u2013 unser Ziel vom Anfang an.<\/p>\n","protected":false},"excerpt":{"rendered":"<p>Auf hundertj\u00e4hrigen Olivenb\u00e4umen haben wir, die Familientradition und die Erbschaft respektierend, unsere Arbeit gekr\u00f6nt, indem wir ein 100% organisches und \u00f6kologisches extra natives Oliven\u00f6l produziert haben. Mit dem Wunsch, ihm Besonderheit und Exklusivit\u00e4t zu geben, dass dieses Oliven\u00f6l durch seinen Ursprung verdient, wird es weiter durch Einblasen vom 23-Karat essbaren Blattgold in dem \u00d6l angereichert.<\/p>\n<p>Jede Verpackung der Gold Edition wird mit unserem einzigartigen Zertifikat geliefert, um Ihnen das exklusive Exemplar einer der 500 Flaschen aus unserer Ausgabe 2017 zu garantieren. Wenn Sie die schwarze Luxusbox \u00f6ffnen, sehen Sie ein Oliven\u00f6l mit goldenen Flocken, eine andere Verpackung, als Sie bisher gesehen haben. Nachdem Sie es aus der Schachtel nehmen, werden Sie das Spiel von leichten und goldenen Flocken bemerken.<\/p>\n<p>Volumen: 0.7 L<\/p>\n","protected":false},"featured_media":694,"template":"","meta":{"nf_dc_page":""},"product_brand":[],"product_cat":[33],"product_tag":[],"class_list":{"0":"post-327","1":"product","2":"type-product","3":"status-publish","4":"has-post-thumbnail","6":"product_cat-gold-edition-de","8":"first","9":"instock","10":"shipping-taxable","11":"purchasable","12":"product-type-simple"},"jetpack_sharing_enabled":true,"_links":{"self":[{"href":"https:\/\/queenofkornati.com\/de\/wp-json\/wp\/v2\/product\/327","targetHints":{"allow":["GET"]}}],"collection":[{"href":"https:\/\/queenofkornati.com\/de\/wp-json\/wp\/v2\/product"}],"about":[{"href":"https:\/\/queenofkornati.com\/de\/wp-json\/wp\/v2\/types\/product"}],"wp:featuredmedia":[{"embeddable":true,"href":"https:\/\/queenofkornati.com\/de\/wp-json\/wp\/v2\/media\/694"}],"wp:attachment":[{"href":"https:\/\/queenofkornati.com\/de\/wp-json\/wp\/v2\/media?parent=327"}],"wp:term":[{"taxonomy":"product_brand","embeddable":true,"href":"https:\/\/queenofkornati.com\/de\/wp-json\/wp\/v2\/product_brand?post=327"},{"taxonomy":"product_cat","embeddable":true,"href":"https:\/\/queenofkornati.com\/de\/wp-json\/wp\/v2\/product_cat?post=327"},{"taxonomy":"product_tag","embeddable":true,"href":"https:\/\/queenofkornati.com\/de\/wp-json\/wp\/v2\/product_tag?post=327"}],"curies":[{"name":"wp","href":"https:\/\/api.w.org\/{rel}","templated":true}]}}