{"id":860,"date":"2018-05-20T10:41:55","date_gmt":"2018-05-20T09:41:55","guid":{"rendered":"https:\/\/queenofkornati.com\/?page_id=860"},"modified":"2018-05-20T10:41:55","modified_gmt":"2018-05-20T09:41:55","slug":"zahlungsmoeglichkeiten","status":"publish","type":"page","link":"https:\/\/queenofkornati.com\/de\/zahlungsmoeglichkeiten\/","title":{"rendered":"Zahlungsm\u00f6glichkeiten"},"content":{"rendered":"<p>Alle Preise verstehen sich inklusive USt. und sind f\u00fcr alle Zahlungsm\u00f6glichkeiten gleich.<\/p>\n<p>Zahlungsm\u00f6glichkeiten:<\/p>\n<ul>\n<li><strong>Bank\u00fcberweisung<\/strong><\/li>\n<li><strong>Kredit\/Debitkarte<\/strong><\/li>\n<\/ul>\n<p>Wir akzeptieren folgende Kredit\/Debitkarten:<\/p>\n<ul>\n<li><strong>MasterCard\u00ae<\/strong><\/li>\n<\/ul>\n<p><a href=\"http:\/\/www.mastercard.com\" target=\"_blank\" rel=\"noopener\"><img data-recalc-dims=\"1\" loading=\"lazy\" decoding=\"async\" class=\"alignnone wp-image-379\" src=\"https:\/\/i0.wp.com\/queenofkornati.com\/wp-content\/uploads\/2018\/03\/mc_acc_opt_70_1x.png?resize=109%2C70&#038;ssl=1\" alt=\"\" width=\"109\" height=\"70\"><\/a><\/p>\n<ul>\n<li><strong>Maestro\u00ae<\/strong><\/li>\n<\/ul>\n<p><a href=\"http:\/\/www.maestrocard.com\" target=\"_blank\" rel=\"noopener\"><img data-recalc-dims=\"1\" loading=\"lazy\" decoding=\"async\" class=\"alignnone wp-image-382\" src=\"https:\/\/i0.wp.com\/queenofkornati.com\/wp-content\/uploads\/2018\/03\/ms_acc_opt_70_1x.png?resize=109%2C70&#038;ssl=1\" alt=\"\" width=\"109\" height=\"70\"><\/a><\/p>\n<ul>\n<li><strong>Visa<\/strong><\/li>\n<\/ul>\n<p><a href=\"http:\/\/www.visa.com.hr\" target=\"_blank\" rel=\"noopener\"><img data-recalc-dims=\"1\" loading=\"lazy\" decoding=\"async\" class=\"alignnone wp-image-385\" src=\"https:\/\/i0.wp.com\/queenofkornati.com\/wp-content\/uploads\/2018\/03\/visa_fc.png?resize=95%2C60&#038;ssl=1\" alt=\"\" width=\"95\" height=\"60\"><\/a><\/p>\n<h2>Erkl\u00e4rung \u00fcber die W\u00e4hrungsanzeige und Konversion<\/h2>\n<p>Die Preise werden in HRK f\u00fcr die kroatische Sprache und in EUR f\u00fcr alle anderen Sprachen angezeigt. Alle Zahlungen erfolgen in HRK.<\/p>\n<p>Ihre Kreditkarte wird in Ihrer lokalen W\u00e4hrung, entsprechend dem g\u00fcltigen W\u00e4hrungskurs des Kreditkartenunternehmens, belastet. Als Resultat dieser Umrechnung besteht die M\u00f6glichkeit dass der bezahlte Betrag von dem auf unseren Internetseiten dargestellten abweicht.<\/p>\n","protected":false},"excerpt":{"rendered":"<p>Alle Preise verstehen sich inklusive USt. und sind f\u00fcr alle Zahlungsm\u00f6glichkeiten gleich. Zahlungsm\u00f6glichkeiten: Bank\u00fcberweisung Kredit\/Debitkarte Wir akzeptieren folgende Kredit\/Debitkarten: MasterCard\u00ae Maestro\u00ae Visa Erkl\u00e4rung \u00fcber die W\u00e4hrungsanzeige und Konversion Die Preise werden in HRK f\u00fcr die kroatische Sprache und in EUR f\u00fcr alle anderen Sprachen angezeigt. Alle Zahlungen erfolgen in HRK. Ihre Kreditkarte wird in Ihrer [&hellip;]<\/p>\n","protected":false},"author":2,"featured_media":0,"parent":0,"menu_order":0,"comment_status":"closed","ping_status":"closed","template":"","meta":{"nf_dc_page":"","footnotes":""},"class_list":["post-860","page","type-page","status-publish","hentry"],"jetpack_sharing_enabled":true,"jetpack_shortlink":"https:\/\/wp.me\/P9LaRR-dS","_links":{"self":[{"href":"https:\/\/queenofkornati.com\/de\/wp-json\/wp\/v2\/pages\/860","targetHints":{"allow":["GET"]}}],"collection":[{"href":"https:\/\/queenofkornati.com\/de\/wp-json\/wp\/v2\/pages"}],"about":[{"href":"https:\/\/queenofkornati.com\/de\/wp-json\/wp\/v2\/types\/page"}],"author":[{"embeddable":true,"href":"https:\/\/queenofkornati.com\/de\/wp-json\/wp\/v2\/users\/2"}],"replies":[{"embeddable":true,"href":"https:\/\/queenofkornati.com\/de\/wp-json\/wp\/v2\/comments?post=860"}],"version-history":[{"count":1,"href":"https:\/\/queenofkornati.com\/de\/wp-json\/wp\/v2\/pages\/860\/revisions"}],"predecessor-version":[{"id":861,"href":"https:\/\/queenofkornati.com\/de\/wp-json\/wp\/v2\/pages\/860\/revisions\/861"}],"wp:attachment":[{"href":"https:\/\/queenofkornati.com\/de\/wp-json\/wp\/v2\/media?parent=860"}],"curies":[{"name":"wp","href":"https:\/\/api.w.org\/{rel}","templated":true}]}}