{"id":855,"date":"2018-05-20T10:27:15","date_gmt":"2018-05-20T09:27:15","guid":{"rendered":"https:\/\/queenofkornati.com\/?page_id=855"},"modified":"2018-05-20T10:27:15","modified_gmt":"2018-05-20T09:27:15","slug":"allgemeine-geschaeftsbedingungen","status":"publish","type":"page","link":"https:\/\/queenofkornati.com\/de\/allgemeine-geschaeftsbedingungen\/","title":{"rendered":"Allgemeine Gesch\u00e4ftsbedingungen"},"content":{"rendered":"<p>Durch Besuchen dieser Internet-Seiten best\u00e4tigt der Endbenutzer\/Kunde dass er mit den Allgemeinen Gesch\u00e4ftsbedingungen einverstanden ist.<\/p>\n<p>Der Endbenutzer ist Besucher dieser Internet-Seiten und der Kunde ist ein Besucher dieser Seiten der eine elektronische Bestellung aufgibt und die Zahlung auf eine der angebotenen Zahlungsweisen t\u00e4tigt.<\/p>\n<h2>Online-shop<\/h2>\n<p>Der Online-Shop auf der Internetadresse&nbsp;<a href=\"http:\/\/www.QueenOfKornati.com\" target=\"_blank\" rel=\"noopener\"><strong>www.QueenOfKornati.com<\/strong><\/a> ist jeden Tag von 0 bis 24 Stunden erreichbar.<\/p>\n<h2>Lieferung<\/h2>\n<p>Die Lieferung der gekauften Waren zum K\u00e4ufer \u00fcbernehmen unsere vertraglichen Abholdienste.<\/p>\n<h2>Anmerkungen und Einw\u00e4nde<\/h2>\n<p>Entsprechend dem Artikel 10 des kroatischen K\u00e4uferschutzgesetzes, erm\u00f6glicht der Online-Shop das schriftliche Einw\u00e4nde bez\u00fcglich der Online-K\u00e4ufe an die Post- oder E-Mail-Adresse, die im Kapitel Informationen \u00fcber den Verk\u00e4ufer angef\u00fchrt sind, \u00fcbersendet werden.<\/p>\n<p>Alle Anmerkungen und Einw\u00e4nde werden innerhalb von 15 Tagen beantwortet.<\/p>\n<h2>Reklamation und R\u00fcckgaberecht<\/h2>\n<p>Der K\u00e4ufer hat das Recht auf eine berechtigte Reklamation und das R\u00fcckgaberecht in folgenden F\u00e4llen:<\/p>\n<ul>\n<li>Lieferung von Waren die nicht bestellt wurden<\/li>\n<li>Lieferung von Waren f\u00fcr die das Mindesthaltbarkeitsdatum abgelaufen ist<\/li>\n<li>Lieferung von Waren die Fehler oder Besch\u00e4digungen aufweisen<\/li>\n<\/ul>\n<p>Die Frist f\u00fcr die Vorbringung der Reklamationen betr\u00e4gt 30 Tage ab dem Erhalt der Waren, in schriftlicher Form per Post an die Adresse des Verk\u00e4ufers oder an die E-Mail-Adresse, die im Kapitel Informationen \u00fcber den Verk\u00e4ufer angef\u00fchrt ist.<\/p>\n<p>Der Verk\u00e4ufer wird innerhalb von 15 Tagen, ab Erhalt der schriftlichen Reklamation, die Ware umtauschen oder dem Kunden den Kaufbetrag erstatten.<\/p>\n<h2>Online-Streitbeilegung<\/h2>\n<p>Auf Grundlage der EU Verordnung \u00fcber Online-Streitbeilegung in Verbraucherangelegenheiten, ist es ab dem 15. Februar 2016 auf dem Gebiet der ganzen EU m\u00f6glich alle Streitangelegenheiten aus dem Online-Verkauf \u00fcber die&nbsp;<a href=\"https:\/\/ec.europa.eu\/consumers\/odr\" target=\"_blank\" rel=\"noopener\"><strong>ODR (Online-Streitbeilegungsplattform)<\/strong><\/a> zu l\u00f6sen. Die Plattform kann von Kunden genauso wie von Verk\u00e4ufern genutzt werden und die Beschwerde kann in jeder offiziellen Sprache der EU eingelegt werden.<\/p>\n<h2>Vertragsk\u00fcndigung<\/h2>\n<p>Entsprechend dem Artikel 72 des kroatischen K\u00e4uferschutzgesetzes, hat der Kunde ein Recht auf Widerruf des Kaufvertrages, ohne daf\u00fcr Gr\u00fcnde nennen zu m\u00fcssen und zwar innerhalb von 30 Tagen ab dem Erhalt der bestellten Waren. Um vom Widerrufsrecht Gebrauch zu machen, muss der Kunde den Verk\u00e4ufer dar\u00fcber schriftlich in Kenntnis setzen. Der Vertrag kann durch eine unzweifelhafte schriftliche Aussage auf einem Schriftst\u00fcck, mit der der Kunde seinen Wunsch zur Vertragsk\u00fcndigung \u00e4u\u00dfert, gek\u00fcndigt werden.<\/p>\n<p>Entsprechend dem Artikel 77 des kroatischen K\u00e4uferschutzgesetzes, ist der Kunde verpflichtet die Waren ohne Aufschub zu \u00fcbergeben oder zur\u00fcckzusenden und zwar sp\u00e4testens innerhalb von 15 Tagen ab dem Tag an dem er seine Entscheidung \u00fcber die einseitige Vertragsk\u00fcndigung \u00fcbersendet hat. Der Kunde ist f\u00fcr jede Wertminderung der Waren die durch Handhabung, au\u00dfer wenn diese f\u00fcr die Feststellung der Natur, Merkmale oder Funktionalit\u00e4t der Waren notwendig war, entstehen konnte. Die Wertminderung der Waren wird vom zust\u00e4ndigen Kundendienst oder vom Lieferanten festgestellt.<\/p>\n<p>Entsprechend dem Artikel 77 des kroatischen K\u00e4uferschutzgesetzes, falls der Kunde von seinem R\u00fcckgaberecht Gebrauch macht, tr\u00e4gt er die Kosten der R\u00fccksendung&nbsp; der Waren und muss diese innerhalb von 15 Tagen zur\u00fccksenden. Die zur\u00fcckgesendeten Waren m\u00fcssen im guten Zustand, nicht ge\u00f6ffnet, nicht benutzt und in der Originalverpackung sein.<\/p>\n<p>Die R\u00fcckerstattung des Geldes erfolgt auf dieselbe Weise wie die Zahlung erfolgte. Falls der Kunde einer anderen R\u00fcckzahlungsart zustimmt, tr\u00e4gt er keine Kosten der R\u00fcckerstattung.<\/p>\n<h2>Erkl\u00e4rung \u00fcber Erhebung, Nutzung und Schutz pers\u00f6nlicher Daten<\/h2>\n<p>Der Verk\u00e4ufer verpflichtet sich die pers\u00f6nlichen Daten der Kunden auf die Weise zu sch\u00fctzen, dass nur notwendige Grundinformationen \u00fcber Kunden\/Benutzer, die zur Erf\u00fcllung von Verpflichtungen notwendig sind, gesammelt werden, dass die Kunden \u00fcber die Nutzungsweise der gesammelten Daten informiert werden, dass den Kunden eine Auswahlm\u00f6glichkeit \u00fcber die Nutzung der Daten, einschlie\u00dflich der Entscheidung ob ihr Name von Marketing-Verteilerlisten entfernt oder hinzugef\u00fcgt, angeboten wird<\/p>\n<p>Alle Kundendaten werden streng geheim gehalten und sind nur den Mitarbeitern, die diese f\u00fcr ihre Arbeitsaufgaben brauchen, zug\u00e4nglich.&nbsp; Alle Mitarbeiter des Verk\u00e4ufers sowie seine Gesch\u00e4ftspartner sind f\u00fcr die Einhaltung der Prinzipien des Privatsph\u00e4renschutzes verantwortlich.<\/p>\n<h2>Informationen \u00fcber den Verk\u00e4ufer<\/h2>\n<p><strong>Name und Adresse:<\/strong><\/p>\n<p>OPG Karlo Popovi\u0107<br \/>\nPut Gradine 32a<br \/>\n22243 Murter<\/p>\n<p><strong>E-Mail:<\/strong><\/p>\n<p>info@queenofkornati.com<\/p>\n<p><strong>Telefon:<\/strong><\/p>\n<p>+385&nbsp;98 1881899<\/p>\n<p><strong>Angaben \u00fcber die Registrierung:<\/strong><\/p>\n<p>Register:&nbsp;Register von Landwirtschaftsbetrieben<br \/>\nDatum der Eintragung: 11.03.2010.<br \/>\nMIBPG: 203306<br \/>\nPers.-Id.-Nr. (OIB): 87654982522<br \/>\nEigent\u00fcmer: Karlo Popovi\u0107<\/p>\n","protected":false},"excerpt":{"rendered":"<p>Durch Besuchen dieser Internet-Seiten best\u00e4tigt der Endbenutzer\/Kunde dass er mit den Allgemeinen Gesch\u00e4ftsbedingungen einverstanden ist. Der Endbenutzer ist Besucher dieser Internet-Seiten und der Kunde ist ein Besucher dieser Seiten der eine elektronische Bestellung aufgibt und die Zahlung auf eine der angebotenen Zahlungsweisen t\u00e4tigt. Online-shop Der Online-Shop auf der Internetadresse&nbsp;www.QueenOfKornati.com ist jeden Tag von 0 bis [&hellip;]<\/p>\n","protected":false},"author":2,"featured_media":0,"parent":0,"menu_order":0,"comment_status":"closed","ping_status":"closed","template":"","meta":{"nf_dc_page":"","footnotes":""},"class_list":["post-855","page","type-page","status-publish","hentry"],"jetpack_sharing_enabled":true,"jetpack_shortlink":"https:\/\/wp.me\/P9LaRR-dN","_links":{"self":[{"href":"https:\/\/queenofkornati.com\/de\/wp-json\/wp\/v2\/pages\/855","targetHints":{"allow":["GET"]}}],"collection":[{"href":"https:\/\/queenofkornati.com\/de\/wp-json\/wp\/v2\/pages"}],"about":[{"href":"https:\/\/queenofkornati.com\/de\/wp-json\/wp\/v2\/types\/page"}],"author":[{"embeddable":true,"href":"https:\/\/queenofkornati.com\/de\/wp-json\/wp\/v2\/users\/2"}],"replies":[{"embeddable":true,"href":"https:\/\/queenofkornati.com\/de\/wp-json\/wp\/v2\/comments?post=855"}],"version-history":[{"count":1,"href":"https:\/\/queenofkornati.com\/de\/wp-json\/wp\/v2\/pages\/855\/revisions"}],"predecessor-version":[{"id":856,"href":"https:\/\/queenofkornati.com\/de\/wp-json\/wp\/v2\/pages\/855\/revisions\/856"}],"wp:attachment":[{"href":"https:\/\/queenofkornati.com\/de\/wp-json\/wp\/v2\/media?parent=855"}],"curies":[{"name":"wp","href":"https:\/\/api.w.org\/{rel}","templated":true}]}}