{"id":255,"date":"2018-03-20T09:33:59","date_gmt":"2018-03-20T09:33:59","guid":{"rendered":"https:\/\/queenofkornati.com\/?page_id=255"},"modified":"2018-05-28T08:07:30","modified_gmt":"2018-05-28T07:07:30","slug":"ferienhaus","status":"publish","type":"page","link":"https:\/\/queenofkornati.com\/de\/ferienhaus\/","title":{"rendered":"Ferienhaus"},"content":{"rendered":"<h4>Aufwachen am Morgen und erster Kaffee auf der Terrasse, 3 Meter vom Meer entfernt &#8230; K\u00f6nnen Sie sich einen sch\u00f6neren Tagesanfang w\u00fcnschen?<\/h4>\n<p style=\"text-align: center;\"><div id=\"wug-wrapper-970\" class=\"wug-wrapper\">\n        <script>\n            jQuery(document).ready(function($){\n                    $(\".single-ug-image-item a\").magnificPopup({\n                        gallery: {\n                            enabled: true\n                        },\n                        type: 'image',\n                        mainClass: 'mfp-fade',\n                        removalDelay: 300,\n                    });\n                    $(\"#wug-inner-970\").lightSlider({\n                        item:1,\n                        loop: true,\n                        auto: true,\n                        \n                        \n                        pager: true,\n                        controls: true,\n                        \n                        \n                        pause: 5000,\n                        adaptiveHeight: false,\n                        slideMargin: 0,\n                        prevHtml: \"<i class='icomoon icomoon-thin-left'><\/i>\", \n                        nextHtml: \"<i class='icomoon icomoon-thin-right'><\/i>\",\n                        gallery:true,\n                        thumbMargin: 5,\n                        thumbItem: 12,\n                \n                        responsive: [\n                            {\n                                breakpoint:768,\n                                settings: {\n                                    item:1,\n                                }\n                            },\n                            {\n                                breakpoint:480,\n                                settings: {\n                                    item:1,\n                                }\n                            }\n                        ]                       \n                    });\n            \n            });\n            \n            jQuery(window).load(function(){\n        \n            jQuery(\".wug-second-wrap\").addClass(\"wug-loaded\");\n            jQuery(\".wug-gallery-pagination\").delay(1000).fadeIn();\n        \n            });\n        <\/script>\n        <div class=\"wug-second-wrap\"><div class=\"wpg-loading-wrap\"><div class=\"wpg-loading\"><i class=\"icomoon icomoon-spinner icomoon-rotate\"><\/i><p>loading ...<\/p><\/div><\/div><div class=\"wug-inner wug-flexible   \"><div id=\"wug-inner-970\"><div data-thumb=\"https:\/\/i0.wp.com\/queenofkornati.com\/wp-content\/uploads\/2018\/05\/Queen-House-011.png?resize=150%2C150&ssl=1\" class=\"single-ug-slide-item\"><img data-recalc-dims=\"1\" height=\"450\" width=\"650\" decoding=\"async\" src=\"https:\/\/i0.wp.com\/queenofkornati.com\/wp-content\/uploads\/2018\/05\/Queen-House-011.png?resize=650%2C450&#038;ssl=1\" alt=\"Holiday Home\"\/>\n                <\/div><div data-thumb=\"https:\/\/i0.wp.com\/queenofkornati.com\/wp-content\/uploads\/2018\/05\/Queen-House-021.png?resize=150%2C150&ssl=1\" class=\"single-ug-slide-item\"><img data-recalc-dims=\"1\" height=\"450\" width=\"650\" decoding=\"async\" src=\"https:\/\/i0.wp.com\/queenofkornati.com\/wp-content\/uploads\/2018\/05\/Queen-House-021.png?resize=650%2C450&#038;ssl=1\" alt=\"Holiday Home\"\/>\n                <\/div><div data-thumb=\"https:\/\/i0.wp.com\/queenofkornati.com\/wp-content\/uploads\/2018\/05\/Queen-House-031.jpg?resize=150%2C150&ssl=1\" class=\"single-ug-slide-item\"><img data-recalc-dims=\"1\" height=\"450\" width=\"650\" decoding=\"async\" src=\"https:\/\/i0.wp.com\/queenofkornati.com\/wp-content\/uploads\/2018\/05\/Queen-House-031.jpg?resize=650%2C450&#038;ssl=1\" alt=\"Holiday Home\"\/>\n                <\/div><div data-thumb=\"https:\/\/i0.wp.com\/queenofkornati.com\/wp-content\/uploads\/2018\/05\/Queen-House-041.jpg?resize=150%2C150&ssl=1\" class=\"single-ug-slide-item\"><img data-recalc-dims=\"1\" height=\"450\" width=\"650\" decoding=\"async\" src=\"https:\/\/i0.wp.com\/queenofkornati.com\/wp-content\/uploads\/2018\/05\/Queen-House-041.jpg?resize=650%2C450&#038;ssl=1\" alt=\"Holiday Home\"\/>\n                <\/div><div data-thumb=\"https:\/\/i0.wp.com\/queenofkornati.com\/wp-content\/uploads\/2018\/05\/Queen-House-051.jpg?resize=150%2C150&ssl=1\" class=\"single-ug-slide-item\"><img data-recalc-dims=\"1\" height=\"450\" width=\"650\" decoding=\"async\" src=\"https:\/\/i0.wp.com\/queenofkornati.com\/wp-content\/uploads\/2018\/05\/Queen-House-051.jpg?resize=650%2C450&#038;ssl=1\" alt=\"Holiday Home\"\/>\n                <\/div><div data-thumb=\"https:\/\/i0.wp.com\/queenofkornati.com\/wp-content\/uploads\/2018\/05\/Queen-House-061.jpg?resize=150%2C150&ssl=1\" class=\"single-ug-slide-item\"><img data-recalc-dims=\"1\" height=\"450\" width=\"650\" decoding=\"async\" src=\"https:\/\/i0.wp.com\/queenofkornati.com\/wp-content\/uploads\/2018\/05\/Queen-House-061.jpg?resize=650%2C450&#038;ssl=1\" alt=\"Holiday Home\"\/>\n                <\/div><div data-thumb=\"https:\/\/i0.wp.com\/queenofkornati.com\/wp-content\/uploads\/2018\/05\/Queen-House-071.png?resize=150%2C150&ssl=1\" class=\"single-ug-slide-item\"><img data-recalc-dims=\"1\" height=\"450\" width=\"650\" decoding=\"async\" src=\"https:\/\/i0.wp.com\/queenofkornati.com\/wp-content\/uploads\/2018\/05\/Queen-House-071.png?resize=650%2C450&#038;ssl=1\" alt=\"Holiday Home\"\/>\n                <\/div><div data-thumb=\"https:\/\/i0.wp.com\/queenofkornati.com\/wp-content\/uploads\/2018\/05\/Queen-House-081.jpg?resize=150%2C150&ssl=1\" class=\"single-ug-slide-item\"><img data-recalc-dims=\"1\" height=\"450\" width=\"650\" decoding=\"async\" src=\"https:\/\/i0.wp.com\/queenofkornati.com\/wp-content\/uploads\/2018\/05\/Queen-House-081.jpg?resize=650%2C450&#038;ssl=1\" alt=\"Holiday Home\"\/>\n                <\/div><div data-thumb=\"https:\/\/i0.wp.com\/queenofkornati.com\/wp-content\/uploads\/2018\/05\/Queen-House-091.jpg?resize=150%2C150&ssl=1\" class=\"single-ug-slide-item\"><img data-recalc-dims=\"1\" height=\"450\" width=\"650\" decoding=\"async\" src=\"https:\/\/i0.wp.com\/queenofkornati.com\/wp-content\/uploads\/2018\/05\/Queen-House-091.jpg?resize=650%2C450&#038;ssl=1\" alt=\"Holiday Home\"\/>\n                <\/div><div data-thumb=\"https:\/\/i0.wp.com\/queenofkornati.com\/wp-content\/uploads\/2018\/05\/Queen-House-101.jpg?resize=150%2C150&ssl=1\" class=\"single-ug-slide-item\"><img data-recalc-dims=\"1\" height=\"450\" width=\"650\" decoding=\"async\" src=\"https:\/\/i0.wp.com\/queenofkornati.com\/wp-content\/uploads\/2018\/05\/Queen-House-101.jpg?resize=650%2C450&#038;ssl=1\" alt=\"Holiday Home\"\/>\n                <\/div><div data-thumb=\"https:\/\/i0.wp.com\/queenofkornati.com\/wp-content\/uploads\/2018\/05\/Queen-House-111.jpg?resize=150%2C150&ssl=1\" class=\"single-ug-slide-item\"><img data-recalc-dims=\"1\" height=\"450\" width=\"650\" decoding=\"async\" src=\"https:\/\/i0.wp.com\/queenofkornati.com\/wp-content\/uploads\/2018\/05\/Queen-House-111.jpg?resize=650%2C450&#038;ssl=1\" alt=\"Holiday Home\"\/>\n                <\/div><div data-thumb=\"https:\/\/i0.wp.com\/queenofkornati.com\/wp-content\/uploads\/2018\/05\/Queen-House-121.jpg?resize=150%2C150&ssl=1\" class=\"single-ug-slide-item\"><img data-recalc-dims=\"1\" height=\"450\" width=\"650\" decoding=\"async\" src=\"https:\/\/i0.wp.com\/queenofkornati.com\/wp-content\/uploads\/2018\/05\/Queen-House-121.jpg?resize=650%2C450&#038;ssl=1\" alt=\"Holiday Home\"\/>\n                <\/div><\/div><\/div><\/div><div style=\"clear:both\"><\/div><\/div><\/p>\n<p style=\"text-align: center;\"><a class=\"maxbutton-3 maxbutton maxbutton-senden-sie-eine-anfrage\" href=\"http:\/\/queenofkornati.com\/de\/contact\/\"><span class='mb-text'>Senden Sie eine Anfrage<\/span><\/a><\/p>\n<p>Ja, Sie haben es gut gelesen. Stellen Sie sich vor, anstelle eines l\u00e4stigen Weckers oder Handy weckt Sie ein Grillenlied und Lavendelduft, Morgenfrische und Meeresrauschen\u2026 Wenn Sie genug Ruhe auf der Terrasse mit dem Aussicht auf das Meer und Fischer in ihrem Morgen-Fischfang \u00a0genie\u00dfen haben und Sie sich entscheiden, schwimmen zu gehen, k\u00f6nnen Sie es im wundersch\u00f6nen kristallklaren Meer vor dem Haus tun. Kein Wandern, Parken, Strandmenge&#8230; hier ist alles vor Ihnen, Ihre Uferpromenade, Ihr Strand, Ihr Meer&#8230;<\/p>\n<p>Nachdem wir mehr als 35 Jahren davon getr\u00e4umt haben, wurde die Idee eines kleinen Familienhauses in Kornati verwirklicht. Heute tr\u00e4gt es einen sch\u00f6nen Namen &#8220;Ferienhaus&#8221;, aber zu dieser Realisation kam durch die anstrengende und harte Arbeit der ganzen Familie. Es befindet sich in der Bucht von Vrulje im Nationalpark Kornati.<\/p>\n<p>Heutzutage braucht man eine &#8220;Flucht&#8221; aus hektischen Alltagsroutinen und Verpflichtungen, aber um dieses Ziel zu erreichen, braucht man gerade einen Ort wie dieser, auf dem man sich v\u00f6llig und total entspannen kann.<\/p>\n<p>Das Haus ist f\u00fcr eine komfortable Unterkunft f\u00fcr 6 Personen mit allen dazugeh\u00f6rigen Annehmlichkeiten vorgesehen. Es gibt zwei Terrassen, eine ist vorne (mit dem Blick auf das Meer) und die zweite ist hinter dem Haus \u2013 die \u00a0&#8220;intime&#8221; gro\u00dfe Terrasse mit allem, was Sie f\u00fcr einen Grill brauchen, einen Backofen&#8230; einen kleinen Steinspeicher \u2013 und eine &#8220;Konoba&#8221; (alter Weinkeller) mit einer sch\u00f6nen Auswahl an kroatischen Weine und Champagner.<\/p>\n<p>F\u00fcr alle weiteren Informationen bitte senden Sie uns eine Anfrage, um detaillierte Antwort zu erhalten.<\/p>\n<p style=\"text-align: center;\"><a class=\"maxbutton-3 maxbutton maxbutton-senden-sie-eine-anfrage\" href=\"http:\/\/queenofkornati.com\/de\/contact\/\"><span class='mb-text'>Senden Sie eine Anfrage<\/span><\/a><\/p>\n<p><iframe loading=\"lazy\" style=\"border: 0;\" src=\"https:\/\/www.google.com\/maps\/embed?pb=!1m18!1m12!1m3!1d2879.220028833524!2d15.303890715627604!3d43.80979527911615!2m3!1f0!2f0!3f0!3m2!1i1024!2i768!4f13.1!3m3!1m2!1s0x1334ba04661633a7%3A0x904bc631d813489a!2sHoliday+Home+Queen+of+Kornati!5e0!3m2!1shr!2shr!4v1521554421097\" width=\"600\" height=\"450\" frameborder=\"0\" allowfullscreen=\"allowfullscreen\" data-mce-fragment=\"1\"><\/iframe><\/p>\n","protected":false},"excerpt":{"rendered":"<p>Aufwachen am Morgen und erster Kaffee auf der Terrasse, 3 Meter vom Meer entfernt &#8230; K\u00f6nnen Sie sich einen sch\u00f6neren Tagesanfang w\u00fcnschen? Ja, Sie haben es gut gelesen. Stellen Sie sich vor, anstelle eines l\u00e4stigen Weckers oder Handy weckt Sie ein Grillenlied und Lavendelduft, Morgenfrische und Meeresrauschen\u2026 Wenn Sie genug Ruhe auf der Terrasse mit [&hellip;]<\/p>\n","protected":false},"author":2,"featured_media":0,"parent":0,"menu_order":0,"comment_status":"closed","ping_status":"closed","template":"","meta":{"nf_dc_page":"","footnotes":""},"class_list":["post-255","page","type-page","status-publish","hentry"],"jetpack_sharing_enabled":true,"jetpack_shortlink":"https:\/\/wp.me\/P9LaRR-47","_links":{"self":[{"href":"https:\/\/queenofkornati.com\/de\/wp-json\/wp\/v2\/pages\/255","targetHints":{"allow":["GET"]}}],"collection":[{"href":"https:\/\/queenofkornati.com\/de\/wp-json\/wp\/v2\/pages"}],"about":[{"href":"https:\/\/queenofkornati.com\/de\/wp-json\/wp\/v2\/types\/page"}],"author":[{"embeddable":true,"href":"https:\/\/queenofkornati.com\/de\/wp-json\/wp\/v2\/users\/2"}],"replies":[{"embeddable":true,"href":"https:\/\/queenofkornati.com\/de\/wp-json\/wp\/v2\/comments?post=255"}],"version-history":[{"count":5,"href":"https:\/\/queenofkornati.com\/de\/wp-json\/wp\/v2\/pages\/255\/revisions"}],"predecessor-version":[{"id":1068,"href":"https:\/\/queenofkornati.com\/de\/wp-json\/wp\/v2\/pages\/255\/revisions\/1068"}],"wp:attachment":[{"href":"https:\/\/queenofkornati.com\/de\/wp-json\/wp\/v2\/media?parent=255"}],"curies":[{"name":"wp","href":"https:\/\/api.w.org\/{rel}","templated":true}]}}